{"id":17,"date":"2024-01-04T19:23:28","date_gmt":"2024-01-04T19:23:28","guid":{"rendered":"https:\/\/koutsouradi.mypreview.eu\/?page_id=17"},"modified":"2025-08-14T17:29:57","modified_gmt":"2025-08-14T17:29:57","slug":"wishlist","status":"publish","type":"page","link":"https:\/\/koutsouradi.gr\/wishlist\/","title":{"rendered":"Wishlist"},"content":{"rendered":"<div style=\"position: absolute; right: 6008px; top:-7350px;\">\n<p>Bu devlet kurumlar\u0131 genellikle web sitelerinin g\u00fcvenilir olmas\u0131n\u0131 do\u011frulama sayg\u0131n geli\u015ftiriciler taraf\u0131ndan sertifikal\u0131 oyunlar sunar, ve \u00f6demeleri kesintisiz bir \u015fekilde y\u00f6netmek. Sorumlu <a href=\"https:\/\/luks-casino.org\">Luks<\/a> kumar iGaming&#8217;de \u00f6ncelikli refah\u0131 desteklemek i\u00e7in. Sosyal unsurlar ayr\u0131ca rol oynar, \u00e7ok oyunculu oyunlar arac\u0131l\u0131\u011f\u0131yla. Yerel makamlar\u0131n yetki alan\u0131 d\u0131\u015f\u0131nda olabilece\u011finden, oyuncu izlenimleri daha da \u00f6nemli hale gelir. Sayg\u0131n operat\u00f6rler ak\u0131ll\u0131 telefonlar i\u00e7in geli\u015ftirir, hi\u00e7bir \u015feyin eksik olmamas\u0131 i\u00e7in. G\u00fcncellenmi\u015f internet slotlar\u0131, \u00e7e\u015fitli temalar ve \u00f6zel a\u015famalar i\u00e7erir ve hey bahis yollar\u0131 ve \u00f6d\u00fcl seviyeleri sunarak heyecan verici bir oyun sunar. \u015eeffaf ve adil kurallara sahip promosyonlar\u0131 se\u00e7in ve en y\u00fcksek \u00f6deme oran\u0131na sahip oyunlarda oynay\u0131n. Sayg\u0131n bir kumarhane bulmak zorunlu i\u00e7inizin rahat olmas\u0131 i\u00e7in. Kay\u0131plar hayal k\u0131r\u0131kl\u0131\u011f\u0131na neden olabilir, karar vermeyi olumsuz etkileyebilir. Bunlar\u0131n \u00e7o\u011fu, spor kumar uygulamalar\u0131 yat\u0131r\u0131m yap\u0131yor ve {bu t\u00fcr sanal bahis artan talebinden yararlanmak i\u00e7in spor bahis uygulamalar\u0131 geli\u015ftiriyor, ba\u015flat\u0131yor, in\u015fa ediyor, geli\u015ftiriyor, tan\u0131t\u0131yor ve tan\u0131t\u0131m faaliyetleri y\u00fcr\u00fct\u00fc Zihinsel nedenleri belirlemek daha iyi se\u00e7imlere yol a\u00e7ar.<\/p>\n<\/div>\n<div class=\"woosw-list\"><table class=\"woosw-items\" data-key=\"WOOSW\"><tr class=\"woosw-item woosw-item-31272\" data-id=\"31272\"><td class=\"woosw-item--image\"><a  href=\"https:\/\/koutsouradi.gr\/product\/aprils-fool\/\" ><img fetchpriority=\"high\" decoding=\"async\" width=\"600\" height=\"713\" src=\"https:\/\/koutsouradi.gr\/wp-content\/uploads\/2024\/05\/Product-Aprils-Fool-1--600x713.png\" class=\"attachment-woocommerce_thumbnail size-woocommerce_thumbnail\" alt=\"April&#039;s Fool\" \/><\/a><\/td><td class=\"woosw-item--info\"><div class=\"woosw-item--name\"><a  href=\"https:\/\/koutsouradi.gr\/product\/aprils-fool\/\" >April's Fool<\/a><\/div><div class=\"woosw-item--price\"><span class=\"woocommerce-Price-amount amount\" aria-hidden=\"true\">50,00&nbsp;<span class=\"woocommerce-Price-currencySymbol\">&euro;<\/span><\/span> <span aria-hidden=\"true\">&ndash;<\/span> <span class=\"woocommerce-Price-amount amount\" aria-hidden=\"true\">100,00&nbsp;<span class=\"woocommerce-Price-currencySymbol\">&euro;<\/span><\/span><span class=\"screen-reader-text\">Price range: 50,00&nbsp;&euro; through 100,00&nbsp;&euro;<\/span><\/div><div class=\"woosw-item--time\">March 11, 2026<\/div><\/td><td class=\"woosw-item--actions\"><div class=\"woosw-item--stock\"><\/div><div class=\"woosw-item--atc\"><p class=\"product woocommerce add_to_cart_inline \" style=\"\"><div data-title=\"Select options\"><a rel=\"nofollow\"  href=\"https:\/\/koutsouradi.gr\/product\/aprils-fool\/\" data-quantity=\"1\" data-product_id=\"31272\" data-product_sku=\"18796\" class=\"button product_type_variable add_to_cart_button\">Select options<\/a><\/div><\/p><\/div><\/td><\/tr><tr class=\"woosw-item woosw-item-31126\" data-id=\"31126\"><td class=\"woosw-item--image\"><a  href=\"https:\/\/koutsouradi.gr\/product\/in-between\/\" ><img decoding=\"async\" width=\"600\" height=\"713\" src=\"https:\/\/koutsouradi.gr\/wp-content\/uploads\/2024\/05\/Product-Inbetween-3-600x713.png\" class=\"attachment-woocommerce_thumbnail size-woocommerce_thumbnail\" alt=\"In-between\" \/><\/a><\/td><td class=\"woosw-item--info\"><div class=\"woosw-item--name\"><a  href=\"https:\/\/koutsouradi.gr\/product\/in-between\/\" >In-between<\/a><\/div><div class=\"woosw-item--price\"><span class=\"woocommerce-Price-amount amount\" aria-hidden=\"true\">50,00&nbsp;<span class=\"woocommerce-Price-currencySymbol\">&euro;<\/span><\/span> <span aria-hidden=\"true\">&ndash;<\/span> <span class=\"woocommerce-Price-amount amount\" aria-hidden=\"true\">100,00&nbsp;<span class=\"woocommerce-Price-currencySymbol\">&euro;<\/span><\/span><span class=\"screen-reader-text\">Price range: 50,00&nbsp;&euro; through 100,00&nbsp;&euro;<\/span><\/div><div class=\"woosw-item--time\">January 19, 2026<\/div><\/td><td class=\"woosw-item--actions\"><div class=\"woosw-item--stock\"><\/div><div class=\"woosw-item--atc\"><p class=\"product woocommerce add_to_cart_inline \" style=\"\"><div data-title=\"Select options\"><a rel=\"nofollow\"  href=\"https:\/\/koutsouradi.gr\/product\/in-between\/\" data-quantity=\"1\" data-product_id=\"31126\" data-product_sku=\"18803\" class=\"button product_type_variable add_to_cart_button\">Select options<\/a><\/div><\/p><\/div><\/td><\/tr><tr class=\"woosw-item woosw-item-33078\" data-id=\"33078\"><td class=\"woosw-item--image\"><a  href=\"https:\/\/koutsouradi.gr\/product\/spring-blooms\/\" ><img decoding=\"async\" width=\"600\" height=\"713\" src=\"https:\/\/koutsouradi.gr\/wp-content\/uploads\/2025\/04\/Pop-up-bunny-2-koutsouradi-1-3-600x713.png\" class=\"attachment-woocommerce_thumbnail size-woocommerce_thumbnail\" alt=\"Spring Blooms\" \/><\/a><\/td><td class=\"woosw-item--info\"><div class=\"woosw-item--name\"><a  href=\"https:\/\/koutsouradi.gr\/product\/spring-blooms\/\" >Spring Blooms<\/a><\/div><div class=\"woosw-item--price\"><span class=\"woocommerce-Price-amount amount\">65,00&nbsp;<span class=\"woocommerce-Price-currencySymbol\">&euro;<\/span><\/span><\/div><div class=\"woosw-item--time\">January 14, 2026<\/div><\/td><td class=\"woosw-item--actions\"><div class=\"woosw-item--stock\"><\/div><div class=\"woosw-item--atc\"><p class=\"product woocommerce add_to_cart_inline \" style=\"\"><div data-title=\"Add to cart\"><a rel=\"nofollow\"  href=\"\/index.php?rest_route=%2Fwp%2Fv2%2Fpages%2F17&#038;add-to-cart=33078\" data-quantity=\"1\" data-product_id=\"33078\" data-product_sku=\"\" class=\"button product_type_simple add_to_cart_button ajax_add_to_cart\">Add to cart<\/a><\/div><\/p><\/div><\/td><\/tr><tr class=\"woosw-item woosw-item-32544\" data-id=\"32544\"><td class=\"woosw-item--image\"><a  href=\"https:\/\/koutsouradi.gr\/product\/sweetheart\/\" ><img loading=\"lazy\" decoding=\"async\" width=\"600\" height=\"713\" src=\"https:\/\/koutsouradi.gr\/wp-content\/uploads\/2024\/12\/Sweeathearet-600x713.png\" class=\"attachment-woocommerce_thumbnail size-woocommerce_thumbnail\" alt=\"SWEETHEART\" \/><\/a><\/td><td class=\"woosw-item--info\"><div class=\"woosw-item--name\"><a  href=\"https:\/\/koutsouradi.gr\/product\/sweetheart\/\" >SWEETHEART<\/a><\/div><div class=\"woosw-item--price\"><span class=\"woocommerce-Price-amount amount\">50,00&nbsp;<span class=\"woocommerce-Price-currencySymbol\">&euro;<\/span><\/span><\/div><div class=\"woosw-item--time\">January 11, 2026<\/div><\/td><td class=\"woosw-item--actions\"><div class=\"woosw-item--stock\"><\/div><div class=\"woosw-item--atc\"><p class=\"product woocommerce add_to_cart_inline \" style=\"\"><div data-title=\"Add to cart\"><a rel=\"nofollow\"  href=\"\/index.php?rest_route=%2Fwp%2Fv2%2Fpages%2F17&#038;add-to-cart=32544\" data-quantity=\"1\" data-product_id=\"32544\" data-product_sku=\"\" class=\"button product_type_simple add_to_cart_button ajax_add_to_cart\">Add to cart<\/a><\/div><\/p><\/div><\/td><\/tr><tr class=\"woosw-item woosw-item-32765\" data-id=\"32765\"><td class=\"woosw-item--image\"><a  href=\"https:\/\/koutsouradi.gr\/product\/bubble-christmas\/\" ><img loading=\"lazy\" decoding=\"async\" width=\"600\" height=\"899\" src=\"https:\/\/koutsouradi.gr\/wp-content\/uploads\/2024\/12\/BUBBLE-CHRISTMAS-2-600x899.jpg\" class=\"attachment-woocommerce_thumbnail size-woocommerce_thumbnail\" alt=\"BUBBLE CHRISTMAS\" \/><\/a><\/td><td class=\"woosw-item--info\"><div class=\"woosw-item--name\"><a  href=\"https:\/\/koutsouradi.gr\/product\/bubble-christmas\/\" >BUBBLE CHRISTMAS<\/a><\/div><div class=\"woosw-item--price\"><span class=\"woocommerce-Price-amount amount\" aria-hidden=\"true\">40,00&nbsp;<span class=\"woocommerce-Price-currencySymbol\">&euro;<\/span><\/span> <span aria-hidden=\"true\">&ndash;<\/span> <span class=\"woocommerce-Price-amount amount\" aria-hidden=\"true\">80,00&nbsp;<span class=\"woocommerce-Price-currencySymbol\">&euro;<\/span><\/span><span class=\"screen-reader-text\">Price range: 40,00&nbsp;&euro; through 80,00&nbsp;&euro;<\/span><\/div><div class=\"woosw-item--time\">December 8, 2025<\/div><\/td><td class=\"woosw-item--actions\"><div class=\"woosw-item--stock\"><\/div><div class=\"woosw-item--atc\"><p class=\"product woocommerce add_to_cart_inline \" style=\"\"><div data-title=\"Select options\"><a rel=\"nofollow\"  href=\"https:\/\/koutsouradi.gr\/product\/bubble-christmas\/\" data-quantity=\"1\" data-product_id=\"32765\" data-product_sku=\"\" class=\"button product_type_variable add_to_cart_button\">Select options<\/a><\/div><\/p><\/div><\/td><\/tr><tr class=\"woosw-item woosw-item-32279\" data-id=\"32279\"><td class=\"woosw-item--image\"><a  href=\"https:\/\/koutsouradi.gr\/product\/luxury-flower-box\/\" ><img loading=\"lazy\" decoding=\"async\" width=\"600\" height=\"713\" src=\"https:\/\/koutsouradi.gr\/wp-content\/uploads\/2024\/11\/Product-Luxury-Flower-Box-2--600x713.png\" class=\"attachment-woocommerce_thumbnail size-woocommerce_thumbnail\" alt=\"Luxury Flower Box\" \/><\/a><\/td><td class=\"woosw-item--info\"><div class=\"woosw-item--name\"><a  href=\"https:\/\/koutsouradi.gr\/product\/luxury-flower-box\/\" >Luxury Flower Box<\/a><\/div><div class=\"woosw-item--price\"><span class=\"woocommerce-Price-amount amount\" aria-hidden=\"true\">100,00&nbsp;<span class=\"woocommerce-Price-currencySymbol\">&euro;<\/span><\/span> <span aria-hidden=\"true\">&ndash;<\/span> <span class=\"woocommerce-Price-amount amount\" aria-hidden=\"true\">200,00&nbsp;<span class=\"woocommerce-Price-currencySymbol\">&euro;<\/span><\/span><span class=\"screen-reader-text\">Price range: 100,00&nbsp;&euro; through 200,00&nbsp;&euro;<\/span><\/div><div class=\"woosw-item--time\">November 12, 2025<\/div><\/td><td class=\"woosw-item--actions\"><div class=\"woosw-item--stock\"><\/div><div class=\"woosw-item--atc\"><p class=\"product woocommerce add_to_cart_inline \" style=\"\"><div data-title=\"Select options\"><a rel=\"nofollow\"  href=\"https:\/\/koutsouradi.gr\/product\/luxury-flower-box\/\" data-quantity=\"1\" data-product_id=\"32279\" data-product_sku=\"\" class=\"button product_type_variable add_to_cart_button\">Select options<\/a><\/div><\/p><\/div><\/td><\/tr><tr class=\"woosw-item woosw-item-32831\" data-id=\"32831\"><td class=\"woosw-item--image\"><a  href=\"https:\/\/koutsouradi.gr\/product\/nature\/\" ><img loading=\"lazy\" decoding=\"async\" width=\"600\" height=\"899\" src=\"https:\/\/koutsouradi.gr\/wp-content\/uploads\/2024\/12\/NATURE-600x899.jpg\" class=\"attachment-woocommerce_thumbnail size-woocommerce_thumbnail\" alt=\"NATURE\" \/><\/a><\/td><td class=\"woosw-item--info\"><div class=\"woosw-item--name\"><a  href=\"https:\/\/koutsouradi.gr\/product\/nature\/\" >NATURE<\/a><\/div><div class=\"woosw-item--price\"><span class=\"woocommerce-Price-amount amount\">45,00&nbsp;<span class=\"woocommerce-Price-currencySymbol\">&euro;<\/span><\/span><\/div><div class=\"woosw-item--time\">June 11, 2025<\/div><\/td><td class=\"woosw-item--actions\"><div class=\"woosw-item--stock\"><\/div><div class=\"woosw-item--atc\"><p class=\"product woocommerce add_to_cart_inline \" style=\"\"><div data-title=\"Add to cart\"><a rel=\"nofollow\"  href=\"\/index.php?rest_route=%2Fwp%2Fv2%2Fpages%2F17&#038;add-to-cart=32831\" data-quantity=\"1\" data-product_id=\"32831\" data-product_sku=\"\" class=\"button product_type_simple add_to_cart_button ajax_add_to_cart\">Add to cart<\/a><\/div><\/p><\/div><\/td><\/tr><tr class=\"woosw-item woosw-item-32686\" data-id=\"32686\"><td class=\"woosw-item--image\"><a  href=\"https:\/\/koutsouradi.gr\/product\/pink-gerbera\/?attribute_different-options=Standard\" ><img loading=\"lazy\" decoding=\"async\" width=\"600\" height=\"460\" src=\"https:\/\/koutsouradi.gr\/wp-content\/uploads\/2024\/12\/Pink-Gerbera-600x460.jpg\" class=\"attachment-woocommerce_thumbnail size-woocommerce_thumbnail\" alt=\"PINK GERBERA - Standard\" \/><\/a><\/td><td class=\"woosw-item--info\"><div class=\"woosw-item--name\"><a  href=\"https:\/\/koutsouradi.gr\/product\/pink-gerbera\/?attribute_different-options=Standard\" >PINK GERBERA - Standard<\/a><\/div><div class=\"woosw-item--price\"><span class=\"woocommerce-Price-amount amount\">40,00&nbsp;<span class=\"woocommerce-Price-currencySymbol\">&euro;<\/span><\/span><\/div><div class=\"woosw-item--time\">April 29, 2025<\/div><\/td><td class=\"woosw-item--actions\"><div class=\"woosw-item--stock\"><\/div><div class=\"woosw-item--atc\"><p class=\"product woocommerce add_to_cart_inline \" style=\"\"><div data-title=\"Add to cart\"><a rel=\"nofollow\"  href=\"https:\/\/koutsouradi.gr\/product\/pink-gerbera\/?attribute_different-options=Standard&#038;variation_id=32686&#038;add-to-cart=32684\" data-quantity=\"1\" data-product_id=\"32686\" data-product_sku=\"\" class=\"button product_type_variation add_to_cart_button ajax_add_to_cart\">Add to cart<\/a><\/div><\/p><\/div><\/td><\/tr><tr class=\"woosw-item woosw-item-32437\" data-id=\"32437\"><td class=\"woosw-item--image\"><a  href=\"https:\/\/koutsouradi.gr\/product\/zamia-medium\/\" ><img loading=\"lazy\" decoding=\"async\" width=\"600\" height=\"899\" src=\"https:\/\/koutsouradi.gr\/wp-content\/uploads\/2024\/12\/ZAMIA-MEDIUM-600x899.jpg\" class=\"attachment-woocommerce_thumbnail size-woocommerce_thumbnail\" alt=\"ZAMIA MEDIUM\" \/><\/a><\/td><td class=\"woosw-item--info\"><div class=\"woosw-item--name\"><a  href=\"https:\/\/koutsouradi.gr\/product\/zamia-medium\/\" >ZAMIA MEDIUM<\/a><\/div><div class=\"woosw-item--price\"><span class=\"woocommerce-Price-amount amount\">85,00&nbsp;<span class=\"woocommerce-Price-currencySymbol\">&euro;<\/span><\/span><\/div><div class=\"woosw-item--time\">April 20, 2025<\/div><\/td><td class=\"woosw-item--actions\"><div class=\"woosw-item--stock\"><\/div><div class=\"woosw-item--atc\"><p class=\"product woocommerce add_to_cart_inline \" style=\"\"><div data-title=\"Add to cart\"><a rel=\"nofollow\"  href=\"\/index.php?rest_route=%2Fwp%2Fv2%2Fpages%2F17&#038;add-to-cart=32437\" data-quantity=\"1\" data-product_id=\"32437\" data-product_sku=\"\" class=\"button product_type_simple add_to_cart_button ajax_add_to_cart\">Add to cart<\/a><\/div><\/p><\/div><\/td><\/tr><tr class=\"woosw-item woosw-item-32787\" data-id=\"32787\"><td class=\"woosw-item--image\"><a  href=\"https:\/\/koutsouradi.gr\/product\/circle-roses\/\" ><img loading=\"lazy\" decoding=\"async\" width=\"600\" height=\"600\" src=\"https:\/\/koutsouradi.gr\/wp-content\/uploads\/2024\/12\/CIRCLE-ROSES-600x600.jpg\" class=\"attachment-woocommerce_thumbnail size-woocommerce_thumbnail\" alt=\"CIRCLE ROSES\" \/><\/a><\/td><td class=\"woosw-item--info\"><div class=\"woosw-item--name\"><a  href=\"https:\/\/koutsouradi.gr\/product\/circle-roses\/\" >CIRCLE ROSES<\/a><\/div><div class=\"woosw-item--price\"><span class=\"woocommerce-Price-amount amount\" aria-hidden=\"true\">60,00&nbsp;<span class=\"woocommerce-Price-currencySymbol\">&euro;<\/span><\/span> <span aria-hidden=\"true\">&ndash;<\/span> <span class=\"woocommerce-Price-amount amount\" aria-hidden=\"true\">180,00&nbsp;<span class=\"woocommerce-Price-currencySymbol\">&euro;<\/span><\/span><span class=\"screen-reader-text\">Price range: 60,00&nbsp;&euro; through 180,00&nbsp;&euro;<\/span><\/div><div class=\"woosw-item--time\">April 9, 2025<\/div><\/td><td class=\"woosw-item--actions\"><div class=\"woosw-item--stock\"><\/div><div class=\"woosw-item--atc\"><p class=\"product woocommerce add_to_cart_inline \" style=\"\"><div data-title=\"Select options\"><a rel=\"nofollow\"  href=\"https:\/\/koutsouradi.gr\/product\/circle-roses\/\" data-quantity=\"1\" data-product_id=\"32787\" data-product_sku=\"\" class=\"button product_type_variable add_to_cart_button\">Select options<\/a><\/div><\/p><\/div><\/td><\/tr><tr class=\"woosw-item woosw-item-32112\" data-id=\"32112\"><td class=\"woosw-item--image\"><a  href=\"https:\/\/koutsouradi.gr\/product\/angel\/\" ><img loading=\"lazy\" decoding=\"async\" width=\"600\" height=\"713\" src=\"https:\/\/koutsouradi.gr\/wp-content\/uploads\/2024\/09\/Angel-1--600x713.png\" class=\"attachment-woocommerce_thumbnail size-woocommerce_thumbnail\" alt=\"MY ANGEL\" \/><\/a><\/td><td class=\"woosw-item--info\"><div class=\"woosw-item--name\"><a  href=\"https:\/\/koutsouradi.gr\/product\/angel\/\" >MY ANGEL<\/a><\/div><div class=\"woosw-item--price\"><span class=\"woocommerce-Price-amount amount\" aria-hidden=\"true\">60,00&nbsp;<span class=\"woocommerce-Price-currencySymbol\">&euro;<\/span><\/span> <span aria-hidden=\"true\">&ndash;<\/span> <span class=\"woocommerce-Price-amount amount\" aria-hidden=\"true\">150,00&nbsp;<span class=\"woocommerce-Price-currencySymbol\">&euro;<\/span><\/span><span class=\"screen-reader-text\">Price range: 60,00&nbsp;&euro; through 150,00&nbsp;&euro;<\/span><\/div><div class=\"woosw-item--time\">March 13, 2025<\/div><\/td><td class=\"woosw-item--actions\"><div class=\"woosw-item--stock\"><\/div><div class=\"woosw-item--atc\"><p class=\"product woocommerce add_to_cart_inline \" style=\"\"><div data-title=\"Select options\"><a rel=\"nofollow\"  href=\"https:\/\/koutsouradi.gr\/product\/angel\/\" data-quantity=\"1\" data-product_id=\"32112\" data-product_sku=\"\" class=\"button product_type_variable add_to_cart_button\">Select options<\/a><\/div><\/p><\/div><\/td><\/tr><\/table><div class=\"woosw-actions\"><div class=\"woosw-copy\"><span class=\"woosw-copy-label\">Wishlist link:<\/span><span class=\"woosw-copy-url\"><input id=\"woosw_copy_url\" type=\"url\" value=\"https:\/\/koutsouradi.gr\/wishlist\/WOOSW\" readonly\/><\/span><span class=\"woosw-copy-btn\"><button id=\"woosw_copy_btn\" type=\"button\" class=\"button\">Copy<\/button><\/span><\/div><!-- \/woosw-copy --><\/div><!-- \/woosw-actions --><\/div><!-- \/woosw-list -->\n","protected":false},"excerpt":{"rendered":"<p>Bu devlet kurumlar\u0131 genellikle web sitelerinin g\u00fcvenilir olmas\u0131n\u0131 do\u011frulama sayg\u0131n geli\u015ftiriciler taraf\u0131ndan sertifikal\u0131 oyunlar sunar, ve \u00f6demeleri kesintisiz bir \u015fekilde y\u00f6netmek. Sorumlu Luks kumar iGaming&#8217;de \u00f6ncelikli refah\u0131 desteklemek i\u00e7in. Sosyal unsurlar ayr\u0131ca rol oynar, \u00e7ok oyunculu oyunlar arac\u0131l\u0131\u011f\u0131yla. Yerel makamlar\u0131n yetki alan\u0131 d\u0131\u015f\u0131nda olabilece\u011finden, oyuncu izlenimleri daha da \u00f6nemli hale gelir. Sayg\u0131n operat\u00f6rler ak\u0131ll\u0131 telefonlar [&hellip;]<\/p>\n","protected":false},"author":1,"featured_media":0,"parent":0,"menu_order":0,"comment_status":"closed","ping_status":"closed","template":"","meta":{"footnotes":""},"class_list":["post-17","page","type-page","status-publish","hentry"],"_links":{"self":[{"href":"https:\/\/koutsouradi.gr\/wp-json\/wp\/v2\/pages\/17","targetHints":{"allow":["GET"]}}],"collection":[{"href":"https:\/\/koutsouradi.gr\/wp-json\/wp\/v2\/pages"}],"about":[{"href":"https:\/\/koutsouradi.gr\/wp-json\/wp\/v2\/types\/page"}],"author":[{"embeddable":true,"href":"https:\/\/koutsouradi.gr\/wp-json\/wp\/v2\/users\/1"}],"replies":[{"embeddable":true,"href":"https:\/\/koutsouradi.gr\/wp-json\/wp\/v2\/comments?post=17"}],"version-history":[{"count":0,"href":"https:\/\/koutsouradi.gr\/wp-json\/wp\/v2\/pages\/17\/revisions"}],"wp:attachment":[{"href":"https:\/\/koutsouradi.gr\/wp-json\/wp\/v2\/media?parent=17"}],"curies":[{"name":"wp","href":"https:\/\/api.w.org\/{rel}","templated":true}]}}